{"id":11584,"date":"2026-02-03T15:07:07","date_gmt":"2026-02-03T15:07:07","guid":{"rendered":"https:\/\/medusa-sdp.com\/?post_type=product&#038;p=11584"},"modified":"2026-04-10T09:15:25","modified_gmt":"2026-04-10T09:15:25","slug":"medusa-alcohol-free-family-pack","status":"publish","type":"product","link":"https:\/\/shop.medusa-sdp.com\/de\/produkt\/medusa-alcohol-free-family-pack\/","title":{"rendered":"MEDUSA Alkoholfreies Familienpaket"},"content":{"rendered":"<p data-start=\"116\" data-end=\"392\">Sch\u00fctzen Sie Ihr Zuhause und Ihre Lieben jeden Tag mit unserem Medusa Family Pack - sorgf\u00e4ltig zusammengestellt f\u00fcr umfassende Hygiene zu Hause und unterwegs. Leistungsstarke Desinfektionssprays kombiniert mit praktischen Feuchtt\u00fcchern machen es einfach, frisch, sauber und sorgenfrei zu bleiben, wo immer Sie sind.<\/p>\n<p data-start=\"394\" data-end=\"417\"><strong data-start=\"394\" data-end=\"417\">Dieses Paket enth\u00e4lt:<\/strong><\/p>\n<p data-start=\"419\" data-end=\"545\">- 2 \u00d7 500-ml-Spr\u00fchflaschen f\u00fcr Desinfektionsmittel<br data-start=\"457\" data-end=\"460\" \/>- 3 \u00d7 Packungen Feuchtt\u00fccher (je 100 T\u00fccher)<br data-start=\"498\" data-end=\"501\" \/>- 4 \u00d7 Reise-Feuchtt\u00fccher-Packungen (je 10 T\u00fccher)<\/p>","protected":false},"excerpt":{"rendered":"<ul>\n<li>Propanol (Propan-2-Ol)<\/li>\n<li>Di-Decyl-Di-Methyl-Ammoniumchlorid<\/li>\n<li>Benzalkoniumchlorid<\/li>\n<li>Polyquat DMA\/E 50<\/li>\n<\/ul>","protected":false},"featured_media":20506,"comment_status":"open","ping_status":"closed","template":"","meta":[],"product_brand":[],"product_cat":[99],"product_tag":[72,76],"class_list":{"0":"post-11584","1":"product","2":"type-product","3":"status-publish","4":"has-post-thumbnail","6":"product_cat-special-packs","7":"product_tag-disinfectant","8":"product_tag-pouch","10":"first","11":"instock","12":"sale","13":"taxable","14":"shipping-taxable","15":"purchasable","16":"product-type-simple"},"_links":{"self":[{"href":"https:\/\/shop.medusa-sdp.com\/de\/wp-json\/wp\/v2\/product\/11584","targetHints":{"allow":["GET"]}}],"collection":[{"href":"https:\/\/shop.medusa-sdp.com\/de\/wp-json\/wp\/v2\/product"}],"about":[{"href":"https:\/\/shop.medusa-sdp.com\/de\/wp-json\/wp\/v2\/types\/product"}],"replies":[{"embeddable":true,"href":"https:\/\/shop.medusa-sdp.com\/de\/wp-json\/wp\/v2\/comments?post=11584"}],"wp:featuredmedia":[{"embeddable":true,"href":"https:\/\/shop.medusa-sdp.com\/de\/wp-json\/wp\/v2\/media\/20506"}],"wp:attachment":[{"href":"https:\/\/shop.medusa-sdp.com\/de\/wp-json\/wp\/v2\/media?parent=11584"}],"wp:term":[{"taxonomy":"product_brand","embeddable":true,"href":"https:\/\/shop.medusa-sdp.com\/de\/wp-json\/wp\/v2\/product_brand?post=11584"},{"taxonomy":"product_cat","embeddable":true,"href":"https:\/\/shop.medusa-sdp.com\/de\/wp-json\/wp\/v2\/product_cat?post=11584"},{"taxonomy":"product_tag","embeddable":true,"href":"https:\/\/shop.medusa-sdp.com\/de\/wp-json\/wp\/v2\/product_tag?post=11584"}],"curies":[{"name":"wp","href":"https:\/\/api.w.org\/{rel}","templated":true}]}}