{"id":11585,"date":"2026-02-03T15:14:44","date_gmt":"2026-02-03T15:14:44","guid":{"rendered":"https:\/\/medusa-sdp.com\/?post_type=product&#038;p=11585"},"modified":"2026-04-10T09:15:49","modified_gmt":"2026-04-10T09:15:49","slug":"medusa-alcohol-free-value-pack","status":"publish","type":"product","link":"https:\/\/shop.medusa-sdp.com\/de\/produkt\/medusa-alcohol-free-value-pack\/","title":{"rendered":"MEDUSA Alkoholfrei Value Pack"},"content":{"rendered":"<p data-start=\"133\" data-end=\"363\">Das Medusa Value Pack bietet genau die richtige Menge an Schutz f\u00fcr zu Hause und unterwegs - perfekt f\u00fcr die t\u00e4gliche Hygiene, ohne den Vorrat zu \u00fcberf\u00fcllen. Mit Desinfektionssprays und praktischen Feuchtt\u00fcchern bleiben Sie m\u00fchelos frisch und keimfrei.<\/p>\n<p data-start=\"365\" data-end=\"388\"><strong data-start=\"365\" data-end=\"388\">Dieses Paket enth\u00e4lt:<\/strong><\/p>\n<p data-start=\"390\" data-end=\"515\">- 1 \u00d7 500ml Desinfektionsmittel-Spr\u00fchflasche<br data-start=\"427\" data-end=\"430\" \/>- 2 \u00d7 Packungen Feuchtt\u00fccher (je 100 T\u00fccher)<br data-start=\"468\" data-end=\"471\" \/>- 2 \u00d7 Reise-Feuchtt\u00fccher-Packungen (je 10 T\u00fccher)<\/p>","protected":false},"excerpt":{"rendered":"<ul>\n<li>Propanol (Propan-2-Ol)<\/li>\n<li>Di-Decyl-Di-Methyl-Ammoniumchlorid<\/li>\n<li>Benzalkoniumchlorid<\/li>\n<li>Polyquat DMA\/E 50<\/li>\n<\/ul>","protected":false},"featured_media":20508,"comment_status":"open","ping_status":"closed","template":"","meta":[],"product_brand":[],"product_cat":[99],"product_tag":[72,76],"class_list":{"0":"post-11585","1":"product","2":"type-product","3":"status-publish","4":"has-post-thumbnail","6":"product_cat-special-packs","7":"product_tag-disinfectant","8":"product_tag-pouch","10":"first","11":"instock","12":"sale","13":"taxable","14":"shipping-taxable","15":"purchasable","16":"product-type-simple"},"_links":{"self":[{"href":"https:\/\/shop.medusa-sdp.com\/de\/wp-json\/wp\/v2\/product\/11585","targetHints":{"allow":["GET"]}}],"collection":[{"href":"https:\/\/shop.medusa-sdp.com\/de\/wp-json\/wp\/v2\/product"}],"about":[{"href":"https:\/\/shop.medusa-sdp.com\/de\/wp-json\/wp\/v2\/types\/product"}],"replies":[{"embeddable":true,"href":"https:\/\/shop.medusa-sdp.com\/de\/wp-json\/wp\/v2\/comments?post=11585"}],"wp:featuredmedia":[{"embeddable":true,"href":"https:\/\/shop.medusa-sdp.com\/de\/wp-json\/wp\/v2\/media\/20508"}],"wp:attachment":[{"href":"https:\/\/shop.medusa-sdp.com\/de\/wp-json\/wp\/v2\/media?parent=11585"}],"wp:term":[{"taxonomy":"product_brand","embeddable":true,"href":"https:\/\/shop.medusa-sdp.com\/de\/wp-json\/wp\/v2\/product_brand?post=11585"},{"taxonomy":"product_cat","embeddable":true,"href":"https:\/\/shop.medusa-sdp.com\/de\/wp-json\/wp\/v2\/product_cat?post=11585"},{"taxonomy":"product_tag","embeddable":true,"href":"https:\/\/shop.medusa-sdp.com\/de\/wp-json\/wp\/v2\/product_tag?post=11585"}],"curies":[{"name":"wp","href":"https:\/\/api.w.org\/{rel}","templated":true}]}}