{"id":11587,"date":"2026-02-03T15:17:30","date_gmt":"2026-02-03T15:17:30","guid":{"rendered":"https:\/\/medusa-sdp.com\/?post_type=product&#038;p=11587"},"modified":"2026-04-10T09:16:08","modified_gmt":"2026-04-10T09:16:08","slug":"medusa-alcohol-free-single-pack","status":"publish","type":"product","link":"https:\/\/shop.medusa-sdp.com\/de\/produkt\/medusa-alcohol-free-single-pack\/","title":{"rendered":"MEDUSA Alkoholfrei Einzelpackung"},"content":{"rendered":"<p data-start=\"108\" data-end=\"272\">Das Medusa Mini Pack ist ideal f\u00fcr den pers\u00f6nlichen Gebrauch oder auf Reisen und sch\u00fctzt Sie, wo immer Sie sind. Kompakt, praktisch und effektiv - bleiben Sie jederzeit frisch und keimfrei.<\/p>\n<p data-start=\"274\" data-end=\"297\"><strong data-start=\"274\" data-end=\"297\">Dieses Paket enth\u00e4lt:<\/strong><\/p>\n<p data-start=\"299\" data-end=\"414\">- 1 \u00d7 500ml Desinfektionsmittel-Spr\u00fchflasche<br data-start=\"336\" data-end=\"339\" \/>- 1 \u00d7 Packung Feuchtt\u00fccher (100 T\u00fccher)<br data-start=\"371\" data-end=\"374\" \/>- 1 \u00d7 Reise-Feuchtt\u00fccher-Packung (10 T\u00fccher)<\/p>","protected":false},"excerpt":{"rendered":"<ul>\n<li>Propanol (Propan-2-Ol)<\/li>\n<li>Di-Decyl-Di-Methyl-Ammoniumchlorid<\/li>\n<li>Benzalkoniumchlorid<\/li>\n<li>Polyquat DMA\/E 50<\/li>\n<\/ul>","protected":false},"featured_media":20507,"comment_status":"open","ping_status":"closed","template":"","meta":[],"product_brand":[],"product_cat":[99],"product_tag":[72,76],"class_list":{"0":"post-11587","1":"product","2":"type-product","3":"status-publish","4":"has-post-thumbnail","6":"product_cat-special-packs","7":"product_tag-disinfectant","8":"product_tag-pouch","10":"first","11":"instock","12":"sale","13":"taxable","14":"shipping-taxable","15":"purchasable","16":"product-type-simple"},"_links":{"self":[{"href":"https:\/\/shop.medusa-sdp.com\/de\/wp-json\/wp\/v2\/product\/11587","targetHints":{"allow":["GET"]}}],"collection":[{"href":"https:\/\/shop.medusa-sdp.com\/de\/wp-json\/wp\/v2\/product"}],"about":[{"href":"https:\/\/shop.medusa-sdp.com\/de\/wp-json\/wp\/v2\/types\/product"}],"replies":[{"embeddable":true,"href":"https:\/\/shop.medusa-sdp.com\/de\/wp-json\/wp\/v2\/comments?post=11587"}],"wp:featuredmedia":[{"embeddable":true,"href":"https:\/\/shop.medusa-sdp.com\/de\/wp-json\/wp\/v2\/media\/20507"}],"wp:attachment":[{"href":"https:\/\/shop.medusa-sdp.com\/de\/wp-json\/wp\/v2\/media?parent=11587"}],"wp:term":[{"taxonomy":"product_brand","embeddable":true,"href":"https:\/\/shop.medusa-sdp.com\/de\/wp-json\/wp\/v2\/product_brand?post=11587"},{"taxonomy":"product_cat","embeddable":true,"href":"https:\/\/shop.medusa-sdp.com\/de\/wp-json\/wp\/v2\/product_cat?post=11587"},{"taxonomy":"product_tag","embeddable":true,"href":"https:\/\/shop.medusa-sdp.com\/de\/wp-json\/wp\/v2\/product_tag?post=11587"}],"curies":[{"name":"wp","href":"https:\/\/api.w.org\/{rel}","templated":true}]}}