{"id":7702,"date":"2025-04-16T12:00:43","date_gmt":"2025-04-16T12:00:43","guid":{"rendered":"https:\/\/medusa-sdp.com\/?post_type=product&#038;p=7702"},"modified":"2026-04-10T14:37:48","modified_gmt":"2026-04-10T14:37:48","slug":"medusa-alcohol-free-disinfectant-spray-500ml","status":"publish","type":"product","link":"https:\/\/shop.medusa-sdp.com\/de\/produkt\/medusa-alcohol-free-disinfectant-spray-500ml\/","title":{"rendered":"MEDUSA Desinfektionsspray alkoholfrei 500 ml"},"content":{"rendered":"<div class=\"ue-blob-text-holder\">\n<div class=\"ue-blob-text\">\n<p>MEDUSA Alkoholfreies Desinfektionsspray bietet wirksamen, Breitband-Keimschutz ohne Alkohol oder aggressive Chemikalien.<br \/>\nEntwickelt f\u00fcr Umgebungen, in denen Sicherheit oberste Priorit\u00e4t hat \u2013 darunter Kinderg\u00e4rten, Schulen, Krankenh\u00e4user, Haushalte mit Kindern und Haustieren,<br \/>\nund Lebensmittelzubereitungsbereichen \u2013 diese ungiftige Formel t\u00f6tet 99,99% der Bakterien, Viren und Pilze bei Kontakt ab, w\u00e4hrend sie<br \/>\neine sch\u00fctzende antimikrobielle Schicht, die bis zu 10 Tage h\u00e4lt. Die VOC-arme Formulierung hinterl\u00e4sst keine sch\u00e4dlichen R\u00fcckst\u00e4nde und ist sicher f\u00fcr die wiederholte t\u00e4gliche Anwendung auf allen harten Oberfl\u00e4chen. Konform mit BS EN 1276:2019 und getestet in international akkreditierten Labors, ist MEDUSA Alcohol-Free Spray die verantwortungsvolle Wahl f\u00fcr gesundheitsbewusste Verbraucher und Institutionen, die eine effektive, chemisch milde Desinfektion suchen.<\/p>\n<p>&nbsp;<\/p>\n<p>&nbsp;<\/p>\n<\/div>\n<\/div>\n<p>&nbsp;<\/p>","protected":false},"excerpt":{"rendered":"<ul>\n<li>Alkoholfreie Formel: Breitbanddesinfektion ohne Alkohol, ideal f\u00fcr sensible Umgebungen wie Schulen, Kinderg\u00e4rten und Tierbereiche.<\/li>\n<li>10 Tage anhaltender Schutz: Ein einziger Spr\u00fchsto\u00df bietet einen kontinuierlichen antimikrobiellen Schutz f\u00fcr bis zu 10 Tage.<\/li>\n<li>Ungiftig &amp; geringer VOC-Gehalt: Sicher f\u00fcr den t\u00e4glichen Gebrauch bei Kindern, Haustieren und Patienten. Keine aggressiven chemischen R\u00fcckst\u00e4nde.<\/li>\n<li>T\u00f6tet 99,99% der Krankheitserreger ab: Wirksam gegen Bakterien, Viren und Pilze, einschlie\u00dflich SARS-CoV-2, E. coli und Influenza.<\/li>\n<li>Umweltfreundliche Formulierung: Die Formel mit niedrigem Gehalt an fl\u00fcchtigen organischen Verbindungen unterst\u00fctzt nachhaltige Hygienepraktiken.<\/li>\n<\/ul>\n<p>&nbsp;<\/p>\n<table>\n<tbody>\n<tr>\n<td width=\"308\"><strong><b>Frage<\/b><\/strong><\/td>\n<td width=\"471\"><strong><b>Antwort<\/b><\/strong><\/td>\n<\/tr>\n<tr>\n<td width=\"308\"><strong><b>Was macht dieses Spray alkoholfrei?<\/b><\/strong><\/td>\n<td width=\"471\">MEDUSA Alkohol-Freier Spray verwendet eine propriet\u00e4re Breitband-Antimikrobielle Formel, die% Keimabt\u00f6tung zu 99,99 % ohne Alkohol erreicht, wodurch sie schonender zu Oberfl\u00e4chen und sicherer in empfindlichen Umgebungen ist.<\/td>\n<\/tr>\n<tr>\n<td width=\"308\"><strong><b>Ist es in der N\u00e4he von Babys und Haustieren sicher?<\/b><\/strong><\/td>\n<td width=\"471\">Ja. Die ungiftige, VOC-arme Formel ist speziell f\u00fcr Umgebungen mit Kindern und Tieren konzipiert. Nach dem Trocknen sind die behandelten Oberfl\u00e4chen v\u00f6llig sicher.<\/td>\n<\/tr>\n<tr>\n<td width=\"308\"><strong><b>Wie lange h\u00e4lt der Schutz an?<\/b><\/strong><\/td>\n<td width=\"471\">Jede Anwendung bietet bis zu 10 Tage kontinuierlichen antimikrobiellen Schutz auf behandelten Oberfl\u00e4chen.<\/td>\n<\/tr>\n<tr>\n<td width=\"308\"><strong><b>Kann ich es auf Oberfl\u00e4chen zur Lebensmittelzubereitung verwenden?<\/b><\/strong><\/td>\n<td width=\"471\">Ja. Die alkoholfreie Formel ist f\u00fcr K\u00fcchentheken und Lebensmittelzubereitungsbereiche geeignet. Lassen Sie die Oberfl\u00e4che vollst\u00e4ndig trocknen, bevor Sie Lebensmittel darauf legen.<\/td>\n<\/tr>\n<tr>\n<td width=\"308\"><strong><b>Welche Krankheitserreger t\u00f6tet es ab?<\/b><\/strong><\/td>\n<td width=\"471\">Es ist wirksam gegen Staphylococcus aureus, E. coli, Pseudomonas aeruginosa, Enterococcus hirae, Candida albicans, Viren der Familie SARS-CoV-2 und Influenza.<\/td>\n<\/tr>\n<tr>\n<td width=\"308\"><strong><b>Riecht es stark?<\/b><\/strong><\/td>\n<td width=\"471\">Nein. Die alkoholfreie Formel hat einen minimalen, neutralen Duft, der nach dem Auftragen schnell verfliegt.<\/td>\n<\/tr>\n<tr>\n<td width=\"308\"><strong><b>Wie unterscheidet es sich von der alkoholbasierten Version?<\/b><\/strong><\/td>\n<td width=\"471\">Beide bieten 10-t\u00e4gigen Schutz und t\u00f6ten 99,99% der Keime ab. Die alkoholfreie Version wird f\u00fcr sensible Umgebungen, p\u00e4diatrische Einrichtungen und Bereiche bevorzugt, in denen alkoholbasierte Produkte eingeschr\u00e4nkt sind.<\/td>\n<\/tr>\n<tr>\n<td width=\"308\"><strong><b>Ist es getestet und zertifiziert?<\/b><\/strong><\/td>\n<td width=\"471\">Ja. Getestet in international akkreditierten Laboren und konform mit den Standards BS EN 1276:2019.<\/td>\n<\/tr>\n<tr>\n<td width=\"308\"><strong><b>Kann es in Schulen und Kindertagesst\u00e4tten verwendet werden?<\/b><\/strong><\/td>\n<td width=\"471\">Absolut. Die ungiftige, alkoholfreie Formulierung macht es ideal f\u00fcr Klassenzimmer, Spielzimmer und gemeinsam genutzte Oberfl\u00e4chen in Bildungseinrichtungen.<\/td>\n<\/tr>\n<tr>\n<td width=\"308\"><strong><b>Hinterl\u00e4sst es R\u00fcckst\u00e4nde?<\/b><\/strong><\/td>\n<td width=\"471\">Keine sichtbaren oder sch\u00e4dlichen R\u00fcckst\u00e4nde. Die unsichtbare antimikrobielle Schicht bietet den fortlaufenden 10-t\u00e4gigen Schutz.<\/td>\n<\/tr>\n<\/tbody>\n<\/table>","protected":false},"featured_media":20481,"comment_status":"open","ping_status":"closed","template":"","meta":[],"product_brand":[],"product_cat":[64],"product_tag":[72,79,80],"class_list":{"0":"post-7702","1":"product","2":"type-product","3":"status-publish","4":"has-post-thumbnail","6":"product_cat-liquids","7":"product_tag-disinfectant","8":"product_tag-spray","9":"product_tag-spray-bottle","11":"first","12":"instock","13":"sale","14":"taxable","15":"shipping-taxable","16":"purchasable","17":"product-type-simple"},"_links":{"self":[{"href":"https:\/\/shop.medusa-sdp.com\/de\/wp-json\/wp\/v2\/product\/7702","targetHints":{"allow":["GET"]}}],"collection":[{"href":"https:\/\/shop.medusa-sdp.com\/de\/wp-json\/wp\/v2\/product"}],"about":[{"href":"https:\/\/shop.medusa-sdp.com\/de\/wp-json\/wp\/v2\/types\/product"}],"replies":[{"embeddable":true,"href":"https:\/\/shop.medusa-sdp.com\/de\/wp-json\/wp\/v2\/comments?post=7702"}],"wp:featuredmedia":[{"embeddable":true,"href":"https:\/\/shop.medusa-sdp.com\/de\/wp-json\/wp\/v2\/media\/20481"}],"wp:attachment":[{"href":"https:\/\/shop.medusa-sdp.com\/de\/wp-json\/wp\/v2\/media?parent=7702"}],"wp:term":[{"taxonomy":"product_brand","embeddable":true,"href":"https:\/\/shop.medusa-sdp.com\/de\/wp-json\/wp\/v2\/product_brand?post=7702"},{"taxonomy":"product_cat","embeddable":true,"href":"https:\/\/shop.medusa-sdp.com\/de\/wp-json\/wp\/v2\/product_cat?post=7702"},{"taxonomy":"product_tag","embeddable":true,"href":"https:\/\/shop.medusa-sdp.com\/de\/wp-json\/wp\/v2\/product_tag?post=7702"}],"curies":[{"name":"wp","href":"https:\/\/api.w.org\/{rel}","templated":true}]}}