{"id":11587,"date":"2026-02-03T15:17:30","date_gmt":"2026-02-03T15:17:30","guid":{"rendered":"https:\/\/medusa-sdp.com\/?post_type=product&#038;p=11587"},"modified":"2026-04-10T09:16:08","modified_gmt":"2026-04-10T09:16:08","slug":"medusa-alcohol-free-single-pack","status":"publish","type":"product","link":"https:\/\/shop.medusa-sdp.com\/tr\/urun\/medusa-alcohol-free-single-pack\/","title":{"rendered":"MEDUSA Alkols\u00fcz Tekli Paket"},"content":{"rendered":"<p data-start=\"108\" data-end=\"272\">Ki\u015fisel kullan\u0131m veya seyahat i\u00e7in ideal olan Medusa Mini Paket, nereye giderseniz gidin sizi korur. Kompakt, kullan\u0131\u015fl\u0131 ve etkili - her zaman taze ve mikropsuz kal\u0131n.<\/p>\n<p data-start=\"274\" data-end=\"297\"><strong data-start=\"274\" data-end=\"297\">Bu paket \u015funlar\u0131 i\u00e7erir:<\/strong><\/p>\n<p data-start=\"299\" data-end=\"414\">- 1 \u00d7 500ml Dezenfektan Sprey \u015ei\u015fesi<br data-start=\"336\" data-end=\"339\" \/>- 1 \u00d7 Islak Mendil Paketi (100 mendil)<br data-start=\"371\" data-end=\"374\" \/>- 1 \u00d7 Seyahat Islak Mendil Paketi (10 mendil)<\/p>","protected":false},"excerpt":{"rendered":"<ul>\n<li>Propanol (Propan-2-Ol)<\/li>\n<li>Di-Desil Di-Metil Amonyum Klor\u00fcr<\/li>\n<li>Benzalkonyum Klor\u00fcr<\/li>\n<li>Polyquat DMA\/E 50<\/li>\n<\/ul>","protected":false},"featured_media":20507,"comment_status":"open","ping_status":"closed","template":"","meta":[],"product_brand":[],"product_cat":[99],"product_tag":[72,76],"class_list":{"0":"post-11587","1":"product","2":"type-product","3":"status-publish","4":"has-post-thumbnail","6":"product_cat-special-packs","7":"product_tag-disinfectant","8":"product_tag-pouch","10":"first","11":"instock","12":"sale","13":"taxable","14":"shipping-taxable","15":"purchasable","16":"product-type-simple"},"_links":{"self":[{"href":"https:\/\/shop.medusa-sdp.com\/tr\/wp-json\/wp\/v2\/product\/11587","targetHints":{"allow":["GET"]}}],"collection":[{"href":"https:\/\/shop.medusa-sdp.com\/tr\/wp-json\/wp\/v2\/product"}],"about":[{"href":"https:\/\/shop.medusa-sdp.com\/tr\/wp-json\/wp\/v2\/types\/product"}],"replies":[{"embeddable":true,"href":"https:\/\/shop.medusa-sdp.com\/tr\/wp-json\/wp\/v2\/comments?post=11587"}],"wp:featuredmedia":[{"embeddable":true,"href":"https:\/\/shop.medusa-sdp.com\/tr\/wp-json\/wp\/v2\/media\/20507"}],"wp:attachment":[{"href":"https:\/\/shop.medusa-sdp.com\/tr\/wp-json\/wp\/v2\/media?parent=11587"}],"wp:term":[{"taxonomy":"product_brand","embeddable":true,"href":"https:\/\/shop.medusa-sdp.com\/tr\/wp-json\/wp\/v2\/product_brand?post=11587"},{"taxonomy":"product_cat","embeddable":true,"href":"https:\/\/shop.medusa-sdp.com\/tr\/wp-json\/wp\/v2\/product_cat?post=11587"},{"taxonomy":"product_tag","embeddable":true,"href":"https:\/\/shop.medusa-sdp.com\/tr\/wp-json\/wp\/v2\/product_tag?post=11587"}],"curies":[{"name":"wp","href":"https:\/\/api.w.org\/{rel}","templated":true}]}}