{"id":7702,"date":"2025-04-16T12:00:43","date_gmt":"2025-04-16T12:00:43","guid":{"rendered":"https:\/\/medusa-sdp.com\/?post_type=product&#038;p=7702"},"modified":"2026-04-10T14:37:48","modified_gmt":"2026-04-10T14:37:48","slug":"medusa-alcohol-free-disinfectant-spray-500ml","status":"publish","type":"product","link":"https:\/\/shop.medusa-sdp.com\/tr\/urun\/medusa-alcohol-free-disinfectant-spray-500ml\/","title":{"rendered":"MEDUSA Alkols\u00fcz Dezenfektan Spreyi 500ml"},"content":{"rendered":"<div class=\"ue-blob-text-holder\">\n<div class=\"ue-blob-text\">\n<p>MEDUSA Alkols\u00fcz Dezenfektan Sprey, alkol veya sert kimyasallar olmadan g\u00fc\u00e7l\u00fc, geni\u015f spektrumlu mikrop korumas\u0131 sunar.<br \/>\nG\u00fcvenli\u011fin en \u00f6nemli oldu\u011fu ortamlar i\u00e7in tasarland\u0131; kre\u015fler, okullar, hastaneler, \u00e7ocuklu ve evcil hayvanl\u0131 evler dahil,<br \/>\nve mama haz\u0131rlama alanlar\u0131nda \u2014 bu toksik olmayan form\u00fcl, temas an\u0131nda bakteri, vir\u00fcs ve mantarlar\u0131n ,99'unu% \u00f6ld\u00fcr\u00fcrken<br \/>\n10 g\u00fcne kadar kal\u0131c\u0131, koruyucu bir antimikrobiyal katman. D\u00fc\u015f\u00fck VOC'lu form\u00fclasyonu zararl\u0131 kal\u0131nt\u0131 b\u0131rakmaz ve t\u00fcm sert y\u00fczeylerde tekrarlanan g\u00fcnl\u00fck kullan\u0131ma uygundur. BS EN 1276:2019'a uygunlu\u011fu onaylanm\u0131\u015f ve uluslararas\u0131 akredite laboratuvarlarda test edilmi\u015f MEDUSA Alkols\u00fcz Sprey, etkili, kimyasal a\u00e7\u0131s\u0131ndan hassas dezenfeksiyon arayan sa\u011fl\u0131k bilincine sahip t\u00fcketiciler ve kurumlar i\u00e7in sorumlu bir se\u00e7imdir.<\/p>\n<p>&nbsp;<\/p>\n<p>&nbsp;<\/p>\n<\/div>\n<\/div>\n<p>&nbsp;<\/p>","protected":false},"excerpt":{"rendered":"<ul>\n<li>Alkol \u0130\u00e7ermeyen Form\u00fcl: Okullar, \u00e7ocuk bak\u0131m merkezleri ve evcil hayvan alanlar\u0131 gibi hassas ortamlar i\u00e7in ideal, alkol bazl\u0131 olmayan geni\u015f spektrumlu dezenfeksiyon.<\/li>\n<li>10 G\u00fcn Kal\u0131c\u0131 Koruma: Tek sprey uygulamas\u0131 10 g\u00fcne kadar s\u00fcrekli antimikrobiyal savunma sa\u011flar.<\/li>\n<li>Toksik Olmayan ve D\u00fc\u015f\u00fck VOC: \u00c7ocuklar, evcil hayvanlar ve hastalar \u00e7evresinde g\u00fcnl\u00fck kullan\u0131ma uygundur. Sert kimyasal kal\u0131nt\u0131s\u0131 b\u0131rakmaz.<\/li>\n<li>Patojenlerin 99.99%'sini \u00f6ld\u00fcr\u00fcr: SARS-CoV-2, E. coli ve Influenza dahil olmak \u00fczere bakteri, vir\u00fcs ve mantarlara kar\u015f\u0131 etkilidir.<\/li>\n<li>\u00c7evre Dostu Form\u00fclasyon : D\u00fc\u015f\u00fck u\u00e7ucu organik bile\u015fik form\u00fcl\u00fc s\u00fcrd\u00fcr\u00fclebilir hijyen uygulamalar\u0131n\u0131 destekler.<\/li>\n<\/ul>\n<p>&nbsp;<\/p>\n<table>\n<tbody>\n<tr>\n<td width=\"308\"><strong><b>Soru<\/b><\/strong><\/td>\n<td width=\"471\"><strong><b>Cevap<\/b><\/strong><\/td>\n<\/tr>\n<tr>\n<td width=\"308\"><strong><b>Bu spreyi alkols\u00fcz yapan nedir?<\/b><\/strong><\/td>\n<td width=\"471\">MEDUSA Alkol \u0130\u00e7ermeyen Sprey, alkol i\u00e7ermeden ,99'luk% mikrop imhas\u0131 sa\u011flayan, patentli geni\u015f spektrumlu antimikrobiyal bir form\u00fcl kullan\u0131r, bu da onu y\u00fczeylere kar\u015f\u0131 daha nazik ve hassas ortamlarda daha g\u00fcvenli hale getirir.<\/td>\n<\/tr>\n<tr>\n<td width=\"308\"><strong><b>Bebeklerin ve evcil hayvanlar\u0131n yan\u0131nda kullanmak g\u00fcvenli midir?<\/b><\/strong><\/td>\n<td width=\"471\">Evet. Toksik olmayan, d\u00fc\u015f\u00fck VOC'li form\u00fcl, \u00f6zellikle \u00e7ocuklu ve hayvanl\u0131 ortamlar i\u00e7in tasarlanm\u0131\u015ft\u0131r. Kuruduktan sonra i\u015flem g\u00f6rm\u00fc\u015f y\u00fczeyler tamamen g\u00fcvenlidir.<\/td>\n<\/tr>\n<tr>\n<td width=\"308\"><strong><b>Koruma ne kadar s\u00fcrer?<\/b><\/strong><\/td>\n<td width=\"471\">Her bir uygulama i\u015flenmi\u015f y\u00fczeylerde 10 g\u00fcne kadar s\u00fcrekli antimikrobiyal koruma sa\u011flar.<\/td>\n<\/tr>\n<tr>\n<td width=\"308\"><strong><b>G\u0131da haz\u0131rlama y\u00fczeylerinde kullanabilir miyim?<\/b><\/strong><\/td>\n<td width=\"471\">Evet. Alkol i\u00e7ermeyen form\u00fcl mutfak tezgahlar\u0131 ve g\u0131da haz\u0131rlama alanlar\u0131 i\u00e7in uygundur. G\u0131dalar\u0131 \u00fczerine koymadan \u00f6nce y\u00fczeyin tamamen kurumas\u0131n\u0131 bekleyin.<\/td>\n<\/tr>\n<tr>\n<td width=\"308\"><strong><b>Hangi patojenleri \u00f6ld\u00fcr\u00fcr?<\/b><\/strong><\/td>\n<td width=\"471\">Staphylococcus aureus, E. coli, Pseudomonas aeruginosa, Enterococcus hirae, Candida albicans, SARS-CoV-2 ailesi vir\u00fcsleri ve Influenza'ya kar\u015f\u0131 etkilidir.<\/td>\n<\/tr>\n<tr>\n<td width=\"308\"><strong><b>Buram buram kokuyor mu?<\/b><\/strong><\/td>\n<td width=\"471\">Hay\u0131r. Alkol i\u00e7ermeyen form\u00fcl, uygulama sonras\u0131nda h\u0131zla kaybolan minimal ve n\u00f6tr bir kokuya sahiptir.<\/td>\n<\/tr>\n<tr>\n<td width=\"308\"><strong><b>Alkol bazl\u0131 versiyonundan fark\u0131 nedir?<\/b><\/strong><\/td>\n<td width=\"471\">Her ikisi de 10 g\u00fcnl\u00fck koruma sa\u011flar ve mikroplar\u0131n ,99'unu% \u00f6ld\u00fcr\u00fcr. Alkol i\u00e7ermeyen versiyon, hassas ortamlar, pediatrik ortamlar ve alkol bazl\u0131 \u00fcr\u00fcnlerin k\u0131s\u0131tl\u0131 oldu\u011fu alanlar i\u00e7in tercih edilir.<\/td>\n<\/tr>\n<tr>\n<td width=\"308\"><strong><b>Test edildi ve sertifikaland\u0131r\u0131ld\u0131 m\u0131?<\/b><\/strong><\/td>\n<td width=\"471\">Evet. Uluslararas\u0131 akredite laboratuvarlarda test edilmi\u015ftir ve BS EN 1276:2019 standartlar\u0131yla uyumludur.<\/td>\n<\/tr>\n<tr>\n<td width=\"308\"><strong><b>Okullarda ve kre\u015flerde kullan\u0131labilir mi?<\/b><\/strong><\/td>\n<td width=\"471\">Kesinlikle. Toksik olmayan, alkol i\u00e7ermeyen form\u00fcl\u00fc, s\u0131n\u0131flar, oyun odalar\u0131 ve e\u011fitim ortamlar\u0131ndaki ortak y\u00fczeyler i\u00e7in idealdir.<\/td>\n<\/tr>\n<tr>\n<td width=\"308\"><strong><b>Kal\u0131nt\u0131 b\u0131rak\u0131r m\u0131?<\/b><\/strong><\/td>\n<td width=\"471\">G\u00f6r\u00fcn\u00fcr veya zararl\u0131 kal\u0131nt\u0131 b\u0131rakmaz. G\u00f6r\u00fcnmez antimikrobiyal katman 10 g\u00fcnl\u00fck s\u00fcrekli koruma sa\u011flar.<\/td>\n<\/tr>\n<\/tbody>\n<\/table>","protected":false},"featured_media":20481,"comment_status":"open","ping_status":"closed","template":"","meta":[],"product_brand":[],"product_cat":[64],"product_tag":[72,79,80],"class_list":{"0":"post-7702","1":"product","2":"type-product","3":"status-publish","4":"has-post-thumbnail","6":"product_cat-liquids","7":"product_tag-disinfectant","8":"product_tag-spray","9":"product_tag-spray-bottle","11":"first","12":"instock","13":"sale","14":"taxable","15":"shipping-taxable","16":"purchasable","17":"product-type-simple"},"_links":{"self":[{"href":"https:\/\/shop.medusa-sdp.com\/tr\/wp-json\/wp\/v2\/product\/7702","targetHints":{"allow":["GET"]}}],"collection":[{"href":"https:\/\/shop.medusa-sdp.com\/tr\/wp-json\/wp\/v2\/product"}],"about":[{"href":"https:\/\/shop.medusa-sdp.com\/tr\/wp-json\/wp\/v2\/types\/product"}],"replies":[{"embeddable":true,"href":"https:\/\/shop.medusa-sdp.com\/tr\/wp-json\/wp\/v2\/comments?post=7702"}],"wp:featuredmedia":[{"embeddable":true,"href":"https:\/\/shop.medusa-sdp.com\/tr\/wp-json\/wp\/v2\/media\/20481"}],"wp:attachment":[{"href":"https:\/\/shop.medusa-sdp.com\/tr\/wp-json\/wp\/v2\/media?parent=7702"}],"wp:term":[{"taxonomy":"product_brand","embeddable":true,"href":"https:\/\/shop.medusa-sdp.com\/tr\/wp-json\/wp\/v2\/product_brand?post=7702"},{"taxonomy":"product_cat","embeddable":true,"href":"https:\/\/shop.medusa-sdp.com\/tr\/wp-json\/wp\/v2\/product_cat?post=7702"},{"taxonomy":"product_tag","embeddable":true,"href":"https:\/\/shop.medusa-sdp.com\/tr\/wp-json\/wp\/v2\/product_tag?post=7702"}],"curies":[{"name":"wp","href":"https:\/\/api.w.org\/{rel}","templated":true}]}}